{"id":73,"date":"2019-06-26T20:12:05","date_gmt":"2019-06-26T18:12:05","guid":{"rendered":"https:\/\/uff.pgfun.de\/?page_id=73"},"modified":"2020-04-26T18:09:40","modified_gmt":"2020-04-26T16:09:40","slug":"ueber-uns","status":"publish","type":"page","link":"https:\/\/uff.pgfun.de\/index.php\/ueber-uns\/","title":{"rendered":"\u00dcber uns"},"content":{"rendered":"\n<p>Der F\u00f6rdererein Uff wurde im Juli 2019 ins Leben erweckt.<\/p>\n\n\n\n<p>Wir als F\u00f6rdererein wollen viele Projekte weltweit unterst\u00fctzen und selbst betreuen. Mit einer gro\u00dfen Anzahl an Mitglieder die sich aktiv beteiligen und auch eigene Ideen als Projekt umsetzen.<\/p>\n\n\n\n<p>Von der Kita neben an bis zur Chancengleichheit in den Schwellen bzw. Entwicklungsl\u00e4nder wird gef\u00f6rdert und auch selbst betreut.<\/p>\n\n\n\n<p>So haben wir ein gro\u00dfes Ziel. Und unter dem Motto &#8222;gemeinsam sind wir stark&#8220; k\u00f6nnen wir viel erreichen. Da ja fast alles vom Geld abh\u00e4ngt betreiben wir zu den Mitgliederbeitr\u00e4ge und Spenden noch ein von J\u00fcrgen R\u00f6hm selbst entwickelten Trading Bot der dauerhaft Projekte finanzieren soll und sogar als attraktive Anlageform f\u00fcr unsere Mitglieder dient.<br>Durch das erste Projekt in Jambiani &#8211; Ost Afrika Tansania \/ Sansibar &#8211; kommt der Trading Bot leider etwas zu kurz und ob der so betrieben werden darf wird gerade mit dem Finanzamt gekl\u00e4rt.<\/p>\n\n\n\n<p>Der erste Schritt wurde mit der Idee und der baldigen Gr\u00fcndung getan.<\/p>\n\n\n\n<p>Last uns jetzt mit ein lebendigem Vereinsleben beginnen und so aktiv etwas was ver\u00e4ndern.<\/p>\n","protected":false},"excerpt":{"rendered":"<p>Der F\u00f6rdererein Uff wurde im Juli 2019 ins Leben erweckt. Wir als F\u00f6rdererein wollen viele Projekte weltweit unterst\u00fctzen und selbst betreuen. Mit einer gro\u00dfen Anzahl an Mitglieder die sich aktiv beteiligen und auch eigene Ideen als Projekt umsetzen. Von der Kita neben an bis zur Chancengleichheit in den Schwellen bzw. Entwicklungsl\u00e4nder wird gef\u00f6rdert und auch [&hellip;]<\/p>\n","protected":false},"author":1,"featured_media":0,"parent":0,"menu_order":0,"comment_status":"closed","ping_status":"closed","template":"","meta":[],"_links":{"self":[{"href":"https:\/\/uff.pgfun.de\/index.php\/wp-json\/wp\/v2\/pages\/73"}],"collection":[{"href":"https:\/\/uff.pgfun.de\/index.php\/wp-json\/wp\/v2\/pages"}],"about":[{"href":"https:\/\/uff.pgfun.de\/index.php\/wp-json\/wp\/v2\/types\/page"}],"author":[{"embeddable":true,"href":"https:\/\/uff.pgfun.de\/index.php\/wp-json\/wp\/v2\/users\/1"}],"replies":[{"embeddable":true,"href":"https:\/\/uff.pgfun.de\/index.php\/wp-json\/wp\/v2\/comments?post=73"}],"version-history":[{"count":3,"href":"https:\/\/uff.pgfun.de\/index.php\/wp-json\/wp\/v2\/pages\/73\/revisions"}],"predecessor-version":[{"id":180,"href":"https:\/\/uff.pgfun.de\/index.php\/wp-json\/wp\/v2\/pages\/73\/revisions\/180"}],"wp:attachment":[{"href":"https:\/\/uff.pgfun.de\/index.php\/wp-json\/wp\/v2\/media?parent=73"}],"curies":[{"name":"wp","href":"https:\/\/api.w.org\/{rel}","templated":true}]}}