{"id":192,"date":"2020-04-28T13:18:46","date_gmt":"2020-04-28T11:18:46","guid":{"rendered":"https:\/\/uff.pgfun.de\/?page_id=192"},"modified":"2020-04-28T13:18:46","modified_gmt":"2020-04-28T11:18:46","slug":"beitragsordnung","status":"publish","type":"page","link":"https:\/\/uff.pgfun.de\/index.php\/beitragsordnung\/","title":{"rendered":"Beitragsordnung"},"content":{"rendered":"\n<table class=\"wp-block-table\"><tbody><tr><td> <strong>des F\u00f6rdervereins UFF n.e.V  (nachfolgend F\u00f6rderverein genannt)<\/strong> <br> <\/td><\/tr><tr><td>\n\t\t\t\n\t\t\t\u00a7 1 Allgemeines\n\t\t\t1.Diese Beitragsordnung ist\n\t\t\tnicht Bestandteil der Satzung. Sie kann nur von der\n\t\t\tMitgliederversammlung des F\u00f6rdervereins ge\u00e4ndert werden.\n\t\t\tBeschl\u00fcsse \u00fcber die \u00c4nderung der Beitragsordnung gelten ab dem\n\t\t\tauf die Beschlussfassung folgenden Quartal.\n\t\t\t<br>\n\t\t\t\n\t\t\t2.Beim Ausscheiden aus dem\n\t\t\tF\u00f6rderverein erfolgt keine R\u00fcckerstattung bereits geleisteter\n\t\t\tBeitr\u00e4ge.\n\t\t\t<br>\n\t\t\t\n\t\t<\/td><\/tr><tr><td>\n\t\t\t\n\t\t\t\u00a7 2 Zahlungsweise und F\u00e4lligkeit\n\t\t\t1.Die festgesetzten Betr\u00e4ge\n\t\t\twerden zum beginn des n\u00e4chsten Quartals erhoben, in dem der\n\t\t\tBeschluss gefasst wurde. Durch Beschluss der Mitgliederversammlung\n\t\t\tkann auch ein anderer Termin festgelegt werden.\n\t\t\t<br>\n\t\t\t\n\t\t\t2.Die Beitragszahlung\n\t\t\terfolgt monatlich durch Lastschrifteinzug. Die Mitglieder erteilen\n\t\t\tdazu ihre Zustimmung unter Angabe ihrer Bankverbindung.\n\t\t\t<br>\n\t\t\t\n\t\t<\/td><\/tr><tr><td>\n\t\t\t\n\t\t\t\u00a7 3 Beitr\u00e4ge\n\t\t\t\n\t\t\t<br><br>\n\t\t\t\n\t\t\t\n\t\t\t\t\n\t\t\t\t\n\t\t\t\t\n\t\t\t\t\t\n\t\t\t\t\t\t<strong>Mitgliedsform&nbsp;<\/strong>\n\t\t\t\t\t\n\t\t\t\t\t\n\t\t\t\t\t\t<strong>Beitragsh\u00f6he&nbsp;\n\t\t\t\t\t\t\/ Monat<\/strong>\n\t\t\t\t\t\n\t\t\t\t\n\t\t\t\t\n\t\t\t\t\t\n\t\t\t\t\t\t<strong>Regelbeitrag&nbsp;<\/strong>\n\t\t\t\t\t\n\t\t\t\t\t\n\t\t\t\t\t\t&nbsp;\n\t\t\t\t\t\n\t\t\t\t\n\t\t\t\t\n\t\t\t\t\t\n\t\t\t\t\t\tMitglied\n\t\t\t\t\t\n\t\t\t\t\t\n\t\t\t\t\t\t25 Euro&nbsp;\n\t\t\t\t\t\n\t\t\t\t\n\t\t\t\t\n\t\t\t\t\t\n\t\t\t\t\t\t<strong>Erm\u00e4\u00dfigter\n\t\t\t\t\t\tBeitrag&nbsp;<\/strong>\n\t\t\t\t\t\n\t\t\t\t\t\n\t\t\t\t\t\t&nbsp;\n\t\t\t\t\t\n\t\t\t\t\n\t\t\t\t\n\t\t\t\t\t\n\t\t\t\t\t\tMitglied-H\u00e4rtefall\n\t\t\t\t\t\n\t\t\t\t\t\n\t\t\t\t\t\t10 Euro&nbsp;\n\t\t\t\t\t\n\t\t\t\t\n\t\t\t\n\t\t\t&nbsp;\n\t\t<\/td><\/tr><tr><td>\n\t\t\t<br>\n\t\t\t\n\t\t\t1.Erm\u00e4\u00dfigte Beitragsformen\n\t\t\tm\u00fcssen beantragt werden. Der Anspruch auf die Erm\u00e4\u00dfigung ist\n\t\t\tmit entsprechenden Unterlagen nachzuweisen. Der Vorstand\n\t\t\tentscheidet \u00fcber die Einstufung im Rahmen der von der\n\t\t\tMitgliederversammlung vorgegebenen Betr\u00e4ge.\n\t\t\t<br>\n\t\t\t\n\t\t\t2.\u00c4nderungen der\n\t\t\tpers\u00f6nlichen Angaben sind dem F\u00f6rderverein schnellstm\u00f6glich\n\t\t\tmitzuteilen.\n\t\t\t<br>\n\t\t\t\n\t\t\t3.Mitglieder, die nicht am\n\t\t\tLastschriftverfahren teilnehmen, entrichten ihre Beitr\u00e4ge bis\n\t\t\tsp\u00e4testens 3 Werktage vor F\u00e4lligkeit des Beitrags auf das\n\t\t\tBeitragskonto des F\u00f6rdervereins.\n\t\t\t<br>\n\t\t\t\n\t\t<\/td><\/tr><tr><td>\n\t\t\t\n\t\t\t\u00a7 4 S\u00e4umnis\n\t\t\t\n\t\t\t1.Im S\u00e4umnisfall wird das Mitglied\n\t\t\tnach zweimonatigem Ausbleiben des Beitrags gemahnt.<br>Zahlt ein\n\t\t\tMitglied trotz zweifacher Mahnung (in Textform) oder l\u00e4nger als\n\t\t\tdrei Monate den Beitrag nicht, so gilt nach Ablauf eines Monates\n\t\t\tnach der zweiten Mahnung die Nichtzahlung als Austritt.<br>In der\n\t\t\tzweiten Mahnung ist auf die Folgen der Nichtzahlung hinzuweisen.\n\t\t\t2.Bei\n\t\t\tMahnungen werden Mahngeb\u00fchren von 5 Euro pro Mahnung erhoben. Bei\n\t\t\tLastschriftr\u00fcckgaben wird eine Geb\u00fchr von 10 Euro berechnet.\n\t\t\t<br>\n\t\t\t\n\t\t<\/td><\/tr><tr><td>\n\t\t\t\n\t\t\t\u00a7 5 Vereinskonto\n\t\t\tSoweit die Zahlung nicht per\n\t\t\tLastschrifteinzug erfolgt, ist sie nur auf das folgende Konto\n\t\t\tzul\u00e4ssig: &#8230; Bank, &#8230; BLZ, &#8230; Konto. Andere Zahlungsweisen\n\t\t\twerden nicht anerkannt.&nbsp;\n\t\t<\/td><\/tr><\/tbody><\/table>\n","protected":false},"excerpt":{"rendered":"<p>des F\u00f6rdervereins UFF n.e.V (nachfolgend F\u00f6rderverein genannt) \u00a7 1 Allgemeines 1.Diese Beitragsordnung ist nicht Bestandteil der Satzung. Sie kann nur von der Mitgliederversammlung des F\u00f6rdervereins ge\u00e4ndert werden. Beschl\u00fcsse \u00fcber die \u00c4nderung der Beitragsordnung gelten ab dem auf die Beschlussfassung folgenden Quartal. 2.Beim Ausscheiden aus dem F\u00f6rderverein erfolgt keine R\u00fcckerstattung bereits geleisteter Beitr\u00e4ge. \u00a7 2 Zahlungsweise [&hellip;]<\/p>\n","protected":false},"author":1,"featured_media":0,"parent":0,"menu_order":0,"comment_status":"closed","ping_status":"closed","template":"","meta":[],"_links":{"self":[{"href":"https:\/\/uff.pgfun.de\/index.php\/wp-json\/wp\/v2\/pages\/192"}],"collection":[{"href":"https:\/\/uff.pgfun.de\/index.php\/wp-json\/wp\/v2\/pages"}],"about":[{"href":"https:\/\/uff.pgfun.de\/index.php\/wp-json\/wp\/v2\/types\/page"}],"author":[{"embeddable":true,"href":"https:\/\/uff.pgfun.de\/index.php\/wp-json\/wp\/v2\/users\/1"}],"replies":[{"embeddable":true,"href":"https:\/\/uff.pgfun.de\/index.php\/wp-json\/wp\/v2\/comments?post=192"}],"version-history":[{"count":1,"href":"https:\/\/uff.pgfun.de\/index.php\/wp-json\/wp\/v2\/pages\/192\/revisions"}],"predecessor-version":[{"id":193,"href":"https:\/\/uff.pgfun.de\/index.php\/wp-json\/wp\/v2\/pages\/192\/revisions\/193"}],"wp:attachment":[{"href":"https:\/\/uff.pgfun.de\/index.php\/wp-json\/wp\/v2\/media?parent=192"}],"curies":[{"name":"wp","href":"https:\/\/api.w.org\/{rel}","templated":true}]}}