{"id":166,"date":"2020-03-02T17:16:02","date_gmt":"2020-03-02T16:16:02","guid":{"rendered":"https:\/\/uff.pgfun.de\/?page_id=166"},"modified":"2020-07-04T11:15:55","modified_gmt":"2020-07-04T09:15:55","slug":"kleine-schritte-fuer-ein-grosses-ziel","status":"publish","type":"page","link":"https:\/\/uff.pgfun.de\/","title":{"rendered":"2 Gr\u00fcndungsmitglieder gesucht"},"content":{"rendered":"\n<p>Der F\u00f6rderverein wird neu Gegr\u00fcndet und startet mit dem Projekt &#8211; <a href=\"https:\/\/uff.pgfun.de\/index.php\/2019\/07\/20\/projekt-essen-fuer-schueler-in-jambiani\/\">Essen f\u00fcr Sch\u00fcler in Jambiani<\/a> &#8211; wo ca. 230 Sch\u00fcler t\u00e4glich mit Essen versorgt werden.<\/p>\n\n\n\n<p>F\u00fcr die Gr\u00fcndung suche ich noch 2 Personen um als nicht eingetragener F\u00f6rderverein aufzutreten.<br>Gespr\u00e4che f\u00fcr die Gemeinn\u00fctzigkeit laufen mit dem Finanzamt.<\/p>\n\n\n\n<p>Bei Interesse kontaktieren sie mich.<br>uff@power-group.de<br>oder<br>Facebook: <a rel=\"noreferrer noopener\" href=\"https:\/\/www.facebook.com\/jurgen.rohm.1\" target=\"_blank\">J\u00fcrgen R\u00f6hm<\/a><br><br>zum Kontaktformular: <a href=\"https:\/\/uff.pgfun.de\/index.php\/kontakt\/\">Kontakt<\/a> <\/p>\n\n\n\n<p>Wir suchen aktive Mitglieder die sich durch eigenen Ideen und Projekte einbringen, laufende Projekte unterst\u00fctzen oder bei der Vereinsverwaltung \/ Organisation verantwortungsvolle Aufgaben \u00fcbernehmen.<\/p>\n\n\n\n<p>Oder doch lieber erst mal alles passiv anschauen.  Alles ist m\u00f6glich und hilft beim erreichen unserer Ziele.<\/p>\n\n\n\n<h2>Unterst\u00fctzung mit der Surf-Bar<\/h2>\n\n\n\n<p>Durch den Aufruf und benutzen der Surf-Bar unterst\u00fctzen sie den Verein. Die gesammelten Punkte werden aufs Vereinskonto \u00dcberwiesen und stehen den Projekten zur Verf\u00fcgung.<\/p>\n\n\n\n<p>Hier erst mal den Link zur <a rel=\"noreferrer noopener\" href=\"http:\/\/www.ebesucher.de\/surfbar\/klammig.uff\" target=\"_blank\">Surf-Bar<\/a><\/p>\n\n\n\n<p>Wenn die Surf-Bar gut genutzt wird, werde ich eine Seite mit einer Beschreibung erstellen. Dort die Eink\u00fcnfte auflisten und eine monatliche Umfrage starten f\u00fcr welche Projekte die Eink\u00fcnfte genutzt werden.<\/p>\n\n\n\n<p>Es werden 100% in den Projekten flie\u00dfen. Keine Abz\u00fcge f\u00fcr Verwaltungskosten. <\/p>\n\n\n\n<h2>Unterhaltung ist da<\/h2>\n\n\n\n<p>Nicht nur \u00fcber diese Web Seite, sondern mit einem integriertem Spiel Server.<br>Zur Zeit und nur zum testen ist der unter <a href=\"https:\/\/uff.pgfun.de\/index.php\/spiele\/\">Spiele<\/a> schon online.<\/p>\n\n\n\n<h2>Neueste Beitr\u00e4ge<\/h2>\n\n\n<ul class=\"wp-block-latest-posts__list wp-block-latest-posts\"><li><a href=\"https:\/\/uff.pgfun.de\/index.php\/2019\/07\/20\/projekt-essen-fuer-schueler-in-jambiani\/\">Projekt Essen f\u00fcr Sch\u00fcler in Jambiani<\/a><\/li>\n<li><a href=\"https:\/\/uff.pgfun.de\/index.php\/2019\/06\/26\/projekte\/\">Projekte<\/a><\/li>\n<li><a href=\"https:\/\/uff.pgfun.de\/index.php\/2019\/06\/26\/projekt-1-sansibar\/\">Projekt 1 &#8211; Sansibar<\/a><\/li>\n<li><a href=\"https:\/\/uff.pgfun.de\/index.php\/2019\/06\/26\/hallo-welt\/\">Hallo Welt!<\/a><\/li>\n<\/ul>\n\n\n<p><\/p>\n","protected":false},"excerpt":{"rendered":"<p>Der F\u00f6rderverein wird neu Gegr\u00fcndet und startet mit dem Projekt &#8211; Essen f\u00fcr Sch\u00fcler in Jambiani &#8211; wo ca. 230 Sch\u00fcler t\u00e4glich mit Essen versorgt werden. F\u00fcr die Gr\u00fcndung suche ich noch 2 Personen um als nicht eingetragener F\u00f6rderverein aufzutreten.Gespr\u00e4che f\u00fcr die Gemeinn\u00fctzigkeit laufen mit dem Finanzamt. Bei Interesse kontaktieren sie mich.uff@power-group.deoderFacebook: J\u00fcrgen R\u00f6hm zum [&hellip;]<\/p>\n","protected":false},"author":1,"featured_media":0,"parent":0,"menu_order":0,"comment_status":"closed","ping_status":"closed","template":"","meta":[],"_links":{"self":[{"href":"https:\/\/uff.pgfun.de\/index.php\/wp-json\/wp\/v2\/pages\/166"}],"collection":[{"href":"https:\/\/uff.pgfun.de\/index.php\/wp-json\/wp\/v2\/pages"}],"about":[{"href":"https:\/\/uff.pgfun.de\/index.php\/wp-json\/wp\/v2\/types\/page"}],"author":[{"embeddable":true,"href":"https:\/\/uff.pgfun.de\/index.php\/wp-json\/wp\/v2\/users\/1"}],"replies":[{"embeddable":true,"href":"https:\/\/uff.pgfun.de\/index.php\/wp-json\/wp\/v2\/comments?post=166"}],"version-history":[{"count":8,"href":"https:\/\/uff.pgfun.de\/index.php\/wp-json\/wp\/v2\/pages\/166\/revisions"}],"predecessor-version":[{"id":218,"href":"https:\/\/uff.pgfun.de\/index.php\/wp-json\/wp\/v2\/pages\/166\/revisions\/218"}],"wp:attachment":[{"href":"https:\/\/uff.pgfun.de\/index.php\/wp-json\/wp\/v2\/media?parent=166"}],"curies":[{"name":"wp","href":"https:\/\/api.w.org\/{rel}","templated":true}]}}