{"id":109,"date":"2019-06-27T13:32:59","date_gmt":"2019-06-27T11:32:59","guid":{"rendered":"https:\/\/uff.pgfun.de\/?page_id=109"},"modified":"2020-02-29T09:20:03","modified_gmt":"2020-02-29T08:20:03","slug":"satzung","status":"publish","type":"page","link":"https:\/\/uff.pgfun.de\/index.php\/satzung\/","title":{"rendered":"Satzung"},"content":{"rendered":"\n<p><strong>Satzung\ndes F\u00f6rdervereins<\/strong> <strong> Uff<\/strong><\/p>\n\n\n\n<p>\nUhuru \u2013 freedom &#8211; freiheit<\/p>\n\n\n\n<p>\u00a7\n1 Name, Sitz des Vereins und Gesch\u00e4ftsjahr\n\n<\/p>\n\n\n\n<ol><li>Der Verein\n\tf\u00fchrt den Namen \u201eF\u00f6rderverein Uff\u201c Er soll in das\n\tVereinsregister eingetragen werden. Er wird danach den Zusatz \u201ee.V.\u201c\n\tf\u00fchren.\n\t<\/li><li>Der Verein\n\that seinen Sitz in 58762 Altena.\n\t<\/li><li>Das\n\tGesch\u00e4ftsjahr ist das Kalenderjahr.\n<\/li><\/ol>\n\n\n\n<p>\u00a7 2 Zweck,\nAufgaben, Gemeinn\u00fctzigkeit des Vereins<\/p>\n\n\n\n<ol><li>Der\n\tVerein verfolgt ausschlie\u00dflich und unmittelbar gemeinn\u00fctzige und\n\tmildt\u00e4tige Zwecke im Sinne des Abschnitts \u201eSteuerbeg\u00fcnstigte\n\tZwecke\u201c der Abgabenordnung.\n\t<\/li><li>Zweck des\n\tVereins ist:\n<\/li><\/ol>\n\n\n\n<ul><li>\n\t\tdie\n\t\tF\u00f6rderung der Entwicklungszusammenarbeit\n\t\t<\/li><li>\n\t\tdie\n\t\tF\u00f6rderung des Tierschutzes\n\t\t<\/li><li>\n\t\tdie\n\t\tF\u00f6rderung des b\u00fcrgerschaftlichen Engagements zugunsten\n\t\tgemeinn\u00fctziger, und mildt\u00e4tiger Zwecke\n\t\t<\/li><li>\n\t\tdie\n\t\tF\u00f6rderung des Umweltschutz\n\t<\/li><li>\n\t\tDie\n\t\tUnterst\u00fctzung von Schulen, Kinderg\u00e4rten und Weisenh\u00e4user\n\t\t<\/li><li>\n\t\tDie\n\t\tUnterst\u00fctzung von Tierheime\n\t\t<\/li><li>\n\t\tDie\n\t\tUnterst\u00fctzung beim Klimaschutz, Aufbau der Infrastruktur und der\n\t\tEnergie und Wasser Versorgung in Entwicklungsl\u00e4nder.\n\t\t<\/li><li>\n\t\tDie\n\t\tUnterst\u00fctzung von humanit\u00e4ren Hilfen.\n\t\t<\/li><li>\n\t\tDie\n\t\tUnterst\u00fctzung von \u201eHilfe zur Selbsthilfe\u201c durch zum Beispiel\n\t\tden Aufbau der eigenen Selbstversorgung.\n\t\t<\/li><li><strong>Die\n\t\tUnterst\u00fctzung hilfsbed\u00fcrftiger Personen<\/strong>\n\t<\/li><\/ul>\n\n\n\n<ol><li>Der Zweck\n\twird verwirklicht durch Mitgliedsbeitr\u00e4ge und Sammlung von Spenden\n\t<\/li><li>Der\n\tVerein ist selbstlos t\u00e4tig, <em>er\n\tverfolgt nicht in erster Linie eigenwirtschaftliche Zwecke.<\/em>\n\t<\/li><li>Mittel des\n\tVereins d\u00fcrfen nur f\u00fcr die satzungsm\u00e4\u00dfigen Zwecke verwendet\n\twerden. Die Mitglieder erhalten keine Zuwendungen aus den Mitteln\n\tdes Vereins.\n\t<\/li><li>Keine Person\n\tdarf durch unverh\u00e4ltnism\u00e4\u00dfig hohe Verg\u00fctungen oder durch\n\tAusgaben, die dem Zweck des Vereins fremd sind, beg\u00fcnstigt werden.\n\ta) Die Verg\u00fctung\n\tvon Vereinsorgane oder Vereinsangestellte darf das 3 fache vom\n\tDurchschnittslohn des im Land der Verg\u00fctungsberechtigte Person\n\tnicht \u00fcberschreiten.<br>Dieser Absatz darf nie ge\u00e4ndert oder\n\tentfernt werden.\n<\/li><\/ol>\n\n\n\n<p><br>\u00a7 3 Erwerb\nder Mitgliedschaft<br><br><br>\n<\/p>\n\n\n\n<ol><li>Mitglied\n\tkann jede nat\u00fcrliche Person werden, die das 18. Lebensjahr\n\tvollendet hat.\n\t<\/li><li>Der Antrag\n\tauf Mitgliedschaft muss schriftlich beim Vorstand eingereicht\n\twerden.\n\t<\/li><li>Sollte der\n\tVorstand die Mitgliedschaft ablehnen, auch ohne Begr\u00fcndung m\u00f6glich,\n\tkann der Interessent bei der Mitgliederversammlung Berufung\n\teinlegen. Die Entscheidung der Mitgliederversammlung ist endg\u00fcltig.\n<\/li><\/ol>\n\n\n\n<p>\u00a7 4 Beendigung\nder Mitgliedschaft<\/p>\n\n\n\n<ol><li>Die\n\tMitgliedschaft endet durch Tod, Austritt oder Ausschluss.\n\t<\/li><li>Ein Austritt\n\tist jeweils zum Quartalsende m\u00f6glich und muss mindestens sechs\n\tWochen vor Ende der Mitgliedschaft beim Vorstand schriftlich\n\teingereicht werden.\n\t<\/li><li>Der\n\tAusschluss kann vom Vorstand einstimmig beschlossen werden. Dem\n\tBetroffenen steht das Recht der Berufung zur Mitgliederversammlung\n\tzu. Die Mitgliederversammlung beschlie\u00dft den Ausschluss endg\u00fcltig.\n\tHierf\u00fcr ist eine Mehrheit von 2\/3 der anwesenden Mitglieder\n\tnotwendig.\n<\/li><\/ol>\n\n\n\n<p>\u00a7 5 Beitr\u00e4ge<\/p>\n\n\n\n<ol><li>Die\n\tMitglieder zahlen Beitr\u00e4ge, deren H\u00f6he von der\n\tMitgliederversammlung bestimmt werden.\n<\/li><\/ol>\n\n\n\n<p>\u00a7 6 Organe des\nVereins<\/p>\n\n\n\n<ol><li>Organe\n\tdes Vereins sind<br>die Mitgliederversammlung<br>der Vorstand.\n\t<\/li><li>Die\n\tBeschl\u00fcsse des Vorstandes und der Mitgliederversammlung sind in\n\teinem Protokoll festzuhalten. Das Protokoll muss von mindestens\n\teinem Vorstandsmitglied unterschrieben werden. Bei Protokollen zur\n\tMitgliederversammlung unterschreibt zus\u00e4tzlich der\/die w\u00e4hrend der\n\tMitgliederversammlung gew\u00e4hlte Schriftf\u00fchrer\/in\n<\/li><\/ol>\n\n\n\n<p>\u00a7 7\nMitgliederversammlung<\/p>\n\n\n\n<ol><li>Im\n\tersten Halbjahr eines jeden Jahres findet eine ordentliche\n\tMitgliederversammlung statt. \n\t\n\t<\/li><li>Vorrangige\n\tAufgaben der Mitgliederversammlung sind die Beschlussfassung \u00fcber\n\tdie H\u00f6he der Mitgliedsbeitr\u00e4ge, Entlastung und Neuwahl des\n\tVorstandes und Satzungs\u00e4nderungen.\n\t<\/li><li>Fordern\n\tmindestens \u00bc der Mitglieder schriftlich und unter Bekanntgabe der\n\tGr\u00fcnde die Einberufung einer au\u00dferordentlichen\n\tMitgliederversammlung, hat der Vorstand die au\u00dferordentliche\n\tMitgliederversammlung unter Bekanntgabe der Tagesordnung schriftlich\n\tbinnen 14 Tage einzuberufen. Soweit es sich nicht um\n\tSatzungs\u00e4nderungen handelt, kann die Tagesordnung noch w\u00e4hrend der\n\tMitgliederversammlung erg\u00e4nzt oder ge\u00e4ndert werden. \n\t\n\t<\/li><li>Die\n\tMitgliederversammlung wird vom Vorstand unter Einhaltung einer Frist\n\tvon einem Monat schriftlich unter Angabe der Tagesordnung\n\teinberufen. Die Frist beginnt mit dem auf die Absendung des\n\tEinladungsschreibens folgenden Tag.\n\t<\/li><li>Das\n\tEinladungsschreiben gilt als den Mitgliedern zugegangen, wenn es an\n\tdie letzte dem Verein bekannt gegebene Anschrift bzw. E-Mail Adresse\n\tgerichtet war.\n\t<\/li><li>Satzungs\u00e4nderungen\n\tbeschlie\u00dft die Mitgliederversammlung mit mindestens einem Drittel\n\tder Stimmen der anwesenden Mitglieder. Alle anderen Beschl\u00fcsse\n\terfolgen mit der Mehrheit der erschienen Mitglieder, wobei\n\tStimmenthaltungen und ung\u00fcltige Stimmungen nicht gewertet werden.\n\t<\/li><li>Zu Beginn der\n\tMitgliederversammlung ist ein Schriftf\u00fchrer zu w\u00e4hlen.\n<\/li><\/ol>\n\n\n\n<p>\u00a7 8 Vorstand<\/p>\n\n\n\n<ol><li>Der Vorstand\n\tim Sinn des \u00a7 26 BGB besteht aus dem\/der 1. und 2. Vorsitzenden und\n\tdem\/der Kassierer\/in. Sie vertreten den Verein gerichtlich und\n\tau\u00dfergerichtlich. Zwei Vorstandsmitglieder vertreten gemeinsam.\n\t<\/li><li>Der Vorstand\n\twird von der Mitgliederversammlung gew\u00e4hlt. Die Amtszeit des\n\tVorstands betr\u00e4gt ein Jahr. Sie verl\u00e4ngert sich jedoch um den\n\tZeitraum bis zur n\u00e4chsten Mitgliederversammlung.\n\t<\/li><li>Vorstandsmitglieder\n\tk\u00f6nnen nur Mitglieder des Vereins werden.\n\t<\/li><li>Wiederwahl\n\tist zul\u00e4ssig.\n\t<\/li><li>Der Vorstand\n\tbleibt solange im Amt, bis ein neuer Vorstand gew\u00e4hlt ist.\n\t<\/li><li>Bei\n\tBeendigung der Mitgliedschaft im Verein endet auch das Amt als\n\tVorstand.\n\t<\/li><li>Der Vorstand\n\tfasst seine Beschl\u00fcsse auf Vorstandsitzungen. Zu diesen\n\tVorstandsitzungen l\u00e4dt der\/die 1. Vorsitzende, im Verhinderungsfall\n\tder\/die 2. Vorsitzende schriftlich ein. Eine Einladung per E-Mail\n\tist zul\u00e4ssig.\n\t<\/li><li>Der Vorstand\n\tdarf keine finanziellen Verpflichtungen eingehen, die das Verm\u00f6gen\n\tdes Vereins \u00fcbersteigen.\n\t<\/li><li>Soll der\n\tVerein aufgel\u00f6st werden, hat der Vorstand zu einer\n\tau\u00dferordentlichen Mitgliederversammlung zu laden, deren einziger\n\tTagesordnungspunkt die Aufl\u00f6sung des Vereins ist. Die\n\tMitgliederversammlung kann die Aufl\u00f6sung mit einer Mehrheit von \u00be\n\tder anwesenden Mitglieder beschlie\u00dfen.\n<\/li><\/ol>\n\n\n\n<p>\u00a7 9\nVereinsordnung<\/p>\n\n\n\n<ol><li>Der\n\tVerein kann sich zur Regelung der vereinsinternen Abl\u00e4ufe\n\tVereinsordnungen geben. Die Vereinsordnungen sind nicht Bestandteil\n\tder Satzung. F\u00fcr den Erlass, die \u00c4nderung und Aufhebung von\n\tVereinsordnungen ist der Vorstand zust\u00e4ndig.\n\t<\/li><li>Folgende\n\tVereinsordnungen sind Pflicht und f\u00fcr \u00c4nderungen ist die\n\tMitgliederversammlung zust\u00e4ndig.<br><br>Beitragsordnung\n<\/li><\/ol>\n\n\n\n<p>\u00a7 10 Aufl\u00f6sung\ndes Vereins<\/p>\n\n\n\n<ol><li>Bei\n\tAufl\u00f6sung oder Aufhebung des Vereins oder bei Wegfall\n\tsteuerbeg\u00fcnstigter Zwecke f\u00e4llt das Verm\u00f6gen des Vereins an\n\tdas<br><br>Deutsches Rotes Kreuz e.V.<br>Postfach 450 259<br>12172\n\tBerlin<br><br><br>\n\t\n<\/li><\/ol>\n\n\n\n<p>Die obige Satzung\nwurde heute errichtet.<\/p>\n\n\n\n<p>[Ort und Datum]<\/p>\n\n\n\n<p>[Unterschriften\naller w\u00e4hrend der Gr\u00fcndungsversammlung beigetretenen Mitglieder] \n<\/p>\n\n\n\n<p>Altena, den 27.06.2019<\/p>\n","protected":false},"excerpt":{"rendered":"<p>Satzung des F\u00f6rdervereins Uff Uhuru \u2013 freedom &#8211; freiheit \u00a7 1 Name, Sitz des Vereins und Gesch\u00e4ftsjahr Der Verein f\u00fchrt den Namen \u201eF\u00f6rderverein Uff\u201c Er soll in das Vereinsregister eingetragen werden. Er wird danach den Zusatz \u201ee.V.\u201c f\u00fchren. Der Verein hat seinen Sitz in 58762 Altena. Das Gesch\u00e4ftsjahr ist das Kalenderjahr. \u00a7 2 Zweck, Aufgaben, [&hellip;]<\/p>\n","protected":false},"author":1,"featured_media":0,"parent":0,"menu_order":0,"comment_status":"closed","ping_status":"closed","template":"","meta":[],"_links":{"self":[{"href":"https:\/\/uff.pgfun.de\/index.php\/wp-json\/wp\/v2\/pages\/109"}],"collection":[{"href":"https:\/\/uff.pgfun.de\/index.php\/wp-json\/wp\/v2\/pages"}],"about":[{"href":"https:\/\/uff.pgfun.de\/index.php\/wp-json\/wp\/v2\/types\/page"}],"author":[{"embeddable":true,"href":"https:\/\/uff.pgfun.de\/index.php\/wp-json\/wp\/v2\/users\/1"}],"replies":[{"embeddable":true,"href":"https:\/\/uff.pgfun.de\/index.php\/wp-json\/wp\/v2\/comments?post=109"}],"version-history":[{"count":2,"href":"https:\/\/uff.pgfun.de\/index.php\/wp-json\/wp\/v2\/pages\/109\/revisions"}],"predecessor-version":[{"id":164,"href":"https:\/\/uff.pgfun.de\/index.php\/wp-json\/wp\/v2\/pages\/109\/revisions\/164"}],"wp:attachment":[{"href":"https:\/\/uff.pgfun.de\/index.php\/wp-json\/wp\/v2\/media?parent=109"}],"curies":[{"name":"wp","href":"https:\/\/api.w.org\/{rel}","templated":true}]}}